{"id":573,"date":"2022-08-17T13:50:37","date_gmt":"2022-08-17T11:50:37","guid":{"rendered":"https:\/\/www.sovitec.ch\/index.php\/careers-2\/"},"modified":"2025-10-01T10:34:55","modified_gmt":"2025-10-01T08:34:55","slug":"careers-2","status":"publish","type":"page","link":"https:\/\/www.sovitec.ch\/index.php\/careers-2\/","title":{"rendered":"Pr\u00e9sentation"},"content":{"rendered":"\t\t<div data-elementor-type=\"wp-post\" data-elementor-id=\"573\" class=\"elementor elementor-573\" data-elementor-post-type=\"page\">\n\t\t\t\t\t\t<section class=\"elementor-section elementor-top-section elementor-element elementor-element-e81738d elementor-section-height-min-height elementor-section-boxed elementor-section-height-default elementor-section-items-middle\" data-id=\"e81738d\" data-element_type=\"section\" data-e-type=\"section\" data-settings=\"{&quot;background_background&quot;:&quot;classic&quot;}\">\n\t\t\t\t\t\t<div class=\"elementor-container elementor-column-gap-default\">\n\t\t\t\t\t<div class=\"elementor-column elementor-col-100 elementor-top-column elementor-element elementor-element-87648ec\" data-id=\"87648ec\" data-element_type=\"column\" data-e-type=\"column\">\n\t\t\t<div class=\"elementor-widget-wrap elementor-element-populated\">\n\t\t\t\t\t\t<div class=\"elementor-element elementor-element-783bb3df elementor-widget elementor-widget-heading\" data-id=\"783bb3df\" data-element_type=\"widget\" data-e-type=\"widget\" data-widget_type=\"heading.default\">\n\t\t\t\t<div class=\"elementor-widget-container\">\n\t\t\t\t\t<h1 class=\"elementor-heading-title elementor-size-default\">Pr\u00e9sentation<\/h1>\t\t\t\t<\/div>\n\t\t\t\t<\/div>\n\t\t\t\t\t<\/div>\n\t\t<\/div>\n\t\t\t\t\t<\/div>\n\t\t<\/section>\n\t\t\t\t<section class=\"elementor-section elementor-top-section elementor-element elementor-element-14ffdc61 elementor-section-content-middle elementor-section-boxed elementor-section-height-default elementor-section-height-default\" data-id=\"14ffdc61\" data-element_type=\"section\" data-e-type=\"section\">\n\t\t\t\t\t\t<div class=\"elementor-container elementor-column-gap-default\">\n\t\t\t\t\t<div class=\"elementor-column elementor-col-50 elementor-top-column elementor-element elementor-element-797ecf86\" data-id=\"797ecf86\" data-element_type=\"column\" data-e-type=\"column\">\n\t\t\t<div class=\"elementor-widget-wrap elementor-element-populated\">\n\t\t\t\t\t\t<div class=\"elementor-element elementor-element-b4127bf elementor-widget elementor-widget-image\" data-id=\"b4127bf\" data-element_type=\"widget\" data-e-type=\"widget\" data-widget_type=\"image.default\">\n\t\t\t\t<div class=\"elementor-widget-container\">\n\t\t\t\t\t\t\t\t\t\t\t\t\t\t\t<img fetchpriority=\"high\" decoding=\"async\" width=\"2016\" height=\"1134\" src=\"https:\/\/www.sovitec.ch\/wp-content\/uploads\/2022\/08\/274062304_498395701630366_936638116358534119_n.jpg\" class=\"attachment-full size-full wp-image-829\" alt=\"\" srcset=\"https:\/\/www.sovitec.ch\/wp-content\/uploads\/2022\/08\/274062304_498395701630366_936638116358534119_n.jpg 2016w, https:\/\/www.sovitec.ch\/wp-content\/uploads\/2022\/08\/274062304_498395701630366_936638116358534119_n-300x169.jpg 300w, https:\/\/www.sovitec.ch\/wp-content\/uploads\/2022\/08\/274062304_498395701630366_936638116358534119_n-1024x576.jpg 1024w, https:\/\/www.sovitec.ch\/wp-content\/uploads\/2022\/08\/274062304_498395701630366_936638116358534119_n-768x432.jpg 768w, https:\/\/www.sovitec.ch\/wp-content\/uploads\/2022\/08\/274062304_498395701630366_936638116358534119_n-1536x864.jpg 1536w\" sizes=\"(max-width: 2016px) 100vw, 2016px\" \/>\t\t\t\t\t\t\t\t\t\t\t\t\t\t\t<\/div>\n\t\t\t\t<\/div>\n\t\t\t\t\t<\/div>\n\t\t<\/div>\n\t\t\t\t<div class=\"elementor-column elementor-col-50 elementor-top-column elementor-element elementor-element-66552d10\" data-id=\"66552d10\" data-element_type=\"column\" data-e-type=\"column\">\n\t\t\t<div class=\"elementor-widget-wrap elementor-element-populated\">\n\t\t\t\t\t\t<div class=\"elementor-element elementor-element-433f4a3b elementor-widget elementor-widget-text-editor\" data-id=\"433f4a3b\" data-element_type=\"widget\" data-e-type=\"widget\" data-widget_type=\"text-editor.default\">\n\t\t\t\t<div class=\"elementor-widget-container\">\n\t\t\t\t\t\t\t\t\t<p>Notre entreprise a \u00e9t\u00e9 cr\u00e9\u00e9e le 28 f\u00e9vrier 2008, au c\u0153ur de la ville d\u2019Orbe. Son fondateur, Monsieur Loris Sovilla, a acquis une solide exp\u00e9rience professionnelle de plus de 20 ans au sein d\u2019une grande Soci\u00e9t\u00e9 Lausannoise. \u00c0 ce jour, c&rsquo;est son fils Monsieur Dario Sovilla qui a repris l&rsquo;entreprise d&rsquo;\u00e9lectricit\u00e9. Nous disposons d\u2019une \u00e9quipe jeune et dynamique, la comp\u00e9tence de chacun de nos collaborateurs est le r\u00e9sultat d\u2019une formation continue permanente, d\u2019un suivi et d\u2019un contr\u00f4le interne de qualit\u00e9. \u00c0 ce sujet nous formons actuellement deux apprentis, et un de nos employ\u00e9s se pr\u00e9pare \u00e0 l\u2019obtention de la ma\u00eetrise F\u00e9d\u00e9rale. D\u00e9sireux de transmettre notre savoir-faire, nous accueillons tr\u00e8s volontiers de nouveaux apprentis et stagiaires s\u00e9rieux et motiv\u00e9s. Nous b\u00e9n\u00e9ficions \u00e9galement de plusieurs v\u00e9hicules \u00e9quip\u00e9s aussi bien pour la maintenance que pour les d\u00e9pannages. Tout est mis en \u0153uvre afin de vous proposer la meilleure des collaborations possible, notre investigation dans chaque affaire et les comp\u00e9tences dont nous disposons font de nous le partenaire id\u00e9al. <span style=\"color: #ffff00;\"><strong><br \/><\/strong><\/span><\/p><p><span style=\"text-decoration: underline; color: #f4ec24;\"><a style=\"color: #f4ec24;\" href=\"https:\/\/www.sovitec.ch\/index.php\/contact-2\/\"><strong>Faites appel \u00e0 nos services !<\/strong><\/a><\/span><\/p>\t\t\t\t\t\t\t\t<\/div>\n\t\t\t\t<\/div>\n\t\t\t\t\t<\/div>\n\t\t<\/div>\n\t\t\t\t\t<\/div>\n\t\t<\/section>\n\t\t\t\t<section class=\"elementor-section elementor-top-section elementor-element elementor-element-00f0171 elementor-section-boxed elementor-section-height-default elementor-section-height-default\" data-id=\"00f0171\" data-element_type=\"section\" data-e-type=\"section\">\n\t\t\t\t\t\t<div class=\"elementor-container elementor-column-gap-default\">\n\t\t\t\t\t<div class=\"elementor-column elementor-col-100 elementor-top-column elementor-element elementor-element-f55198e\" data-id=\"f55198e\" data-element_type=\"column\" data-e-type=\"column\">\n\t\t\t<div class=\"elementor-widget-wrap elementor-element-populated\">\n\t\t\t\t\t\t<div class=\"elementor-element elementor-element-6b9eaf1 elementor-widget-divider--view-line elementor-widget elementor-widget-divider\" data-id=\"6b9eaf1\" data-element_type=\"widget\" data-e-type=\"widget\" data-widget_type=\"divider.default\">\n\t\t\t\t<div class=\"elementor-widget-container\">\n\t\t\t\t\t\t\t<div class=\"elementor-divider\">\n\t\t\t<span class=\"elementor-divider-separator\">\n\t\t\t\t\t\t<\/span>\n\t\t<\/div>\n\t\t\t\t\t\t<\/div>\n\t\t\t\t<\/div>\n\t\t\t\t\t<\/div>\n\t\t<\/div>\n\t\t\t\t\t<\/div>\n\t\t<\/section>\n\t\t\t\t<section class=\"elementor-section elementor-top-section elementor-element elementor-element-3626a54f elementor-section-boxed elementor-section-height-default elementor-section-height-default\" data-id=\"3626a54f\" data-element_type=\"section\" data-e-type=\"section\">\n\t\t\t\t\t\t<div class=\"elementor-container elementor-column-gap-default\">\n\t\t\t\t\t<div class=\"elementor-column elementor-col-100 elementor-top-column elementor-element elementor-element-1dbdd5da\" data-id=\"1dbdd5da\" data-element_type=\"column\" data-e-type=\"column\">\n\t\t\t<div class=\"elementor-widget-wrap elementor-element-populated\">\n\t\t\t\t\t\t<div class=\"elementor-element elementor-element-34cf6f3 elementor-headline--style-highlight elementor-widget elementor-widget-animated-headline\" data-id=\"34cf6f3\" data-element_type=\"widget\" data-e-type=\"widget\" data-settings=\"{&quot;marker&quot;:&quot;underline&quot;,&quot;highlighted_text&quot;:&quot;Valeurs&quot;,&quot;headline_style&quot;:&quot;highlight&quot;,&quot;loop&quot;:&quot;yes&quot;,&quot;highlight_animation_duration&quot;:1200,&quot;highlight_iteration_delay&quot;:8000}\" data-widget_type=\"animated-headline.default\">\n\t\t\t\t<div class=\"elementor-widget-container\">\n\t\t\t\t\t\t\t<h3 class=\"elementor-headline\">\n\t\t\t\t\t<span class=\"elementor-headline-plain-text elementor-headline-text-wrapper\">Nos<\/span>\n\t\t\t\t<span class=\"elementor-headline-dynamic-wrapper elementor-headline-text-wrapper\">\n\t\t\t\t\t<span class=\"elementor-headline-dynamic-text elementor-headline-text-active\">Valeurs<\/span>\n\t\t\t\t<\/span>\n\t\t\t\t<\/h3>\n\t\t\t\t\t\t<\/div>\n\t\t\t\t<\/div>\n\t\t\t\t<section class=\"elementor-section elementor-inner-section elementor-element elementor-element-42abf410 elementor-section-boxed elementor-section-height-default elementor-section-height-default\" data-id=\"42abf410\" data-element_type=\"section\" data-e-type=\"section\">\n\t\t\t\t\t\t<div class=\"elementor-container elementor-column-gap-default\">\n\t\t\t\t\t<div class=\"elementor-column elementor-col-50 elementor-inner-column elementor-element elementor-element-1b351261\" data-id=\"1b351261\" data-element_type=\"column\" data-e-type=\"column\">\n\t\t\t<div class=\"elementor-widget-wrap elementor-element-populated\">\n\t\t\t\t\t\t<div class=\"elementor-element elementor-element-5aeff9a2 elementor-flip-box--effect-fade elementor-widget elementor-widget-flip-box\" data-id=\"5aeff9a2\" data-element_type=\"widget\" data-e-type=\"widget\" data-widget_type=\"flip-box.default\">\n\t\t\t\t<div class=\"elementor-widget-container\">\n\t\t\t\t\t\t\t<div class=\"elementor-flip-box\" tabindex=\"0\">\n\t\t\t<div class=\"elementor-flip-box__layer elementor-flip-box__front\">\n\t\t\t\t<div class=\"elementor-flip-box__layer__overlay\">\n\t\t\t\t\t<div class=\"elementor-flip-box__layer__inner\">\n\t\t\t\t\t\t\n\t\t\t\t\t\t\t\t\t\t\t\t\t<h3 class=\"elementor-flip-box__layer__title\">\n\t\t\t\t\t\t\t\tRESPECT DE L'ENVIRONNEMENT\t\t\t\t\t\t\t<\/h3>\n\t\t\t\t\t\t\n\t\t\t\t\t\t\t\t\t\t\t\t\t<div class=\"elementor-flip-box__layer__description\">\n\t\t\t\t\t\t\t\tNos v\u00e9hicules sont suffisamment \u00e9quip\u00e9s afin de r\u00e9duire le nombre de d\u00e9placements. \n\nDe plus, nous veillons \u00e0 ce que chaque d\u00e9chet soit tri\u00e9 et \u00e9vacu\u00e9 selon les normes en vigueur.\t\t\t\t\t\t\t<\/div>\n\t\t\t\t\t\t\t\t\t\t\t<\/div>\n\t\t\t\t<\/div>\n\t\t\t<\/div>\n\t\t\t<div class=\"elementor-flip-box__layer elementor-flip-box__back\">\n\t\t\t<div class=\"elementor-flip-box__layer__overlay\">\n\t\t\t\t<div class=\"elementor-flip-box__layer__inner\">\n\t\t\t\t\t\n\t\t\t\t\t\n\t\t\t\t\t\t\t\t<\/div>\n\t\t<\/div>\n\t\t<\/div>\n\t\t<\/div>\n\t\t\t\t\t\t<\/div>\n\t\t\t\t<\/div>\n\t\t\t\t\t<\/div>\n\t\t<\/div>\n\t\t\t\t<div class=\"elementor-column elementor-col-50 elementor-inner-column elementor-element elementor-element-41fdf47d\" data-id=\"41fdf47d\" data-element_type=\"column\" data-e-type=\"column\">\n\t\t\t<div class=\"elementor-widget-wrap elementor-element-populated\">\n\t\t\t\t\t\t<div class=\"elementor-element elementor-element-38e2d1d4 elementor-flip-box--effect-fade elementor-widget elementor-widget-flip-box\" data-id=\"38e2d1d4\" data-element_type=\"widget\" data-e-type=\"widget\" data-widget_type=\"flip-box.default\">\n\t\t\t\t<div class=\"elementor-widget-container\">\n\t\t\t\t\t\t\t<div class=\"elementor-flip-box\" tabindex=\"0\">\n\t\t\t<div class=\"elementor-flip-box__layer elementor-flip-box__front\">\n\t\t\t\t<div class=\"elementor-flip-box__layer__overlay\">\n\t\t\t\t\t<div class=\"elementor-flip-box__layer__inner\">\n\t\t\t\t\t\t\n\t\t\t\t\t\t\t\t\t\t\t\t\t<h3 class=\"elementor-flip-box__layer__title\">\n\t\t\t\t\t\t\t\tS\u00c9CURIT\u00c9\t\t\t\t\t\t\t<\/h3>\n\t\t\t\t\t\t\n\t\t\t\t\t\t\t\t\t\t\t\t\t<div class=\"elementor-flip-box__layer__description\">\n\t\t\t\t\t\t\t\tLe personnel de chantier poss\u00e8de tout l\u2019outillage et l\u2019\u00e9quipement n\u00e9cessaire au bon d\u00e9roulement de son travail.\nPour sa propre s\u00e9curit\u00e9 chaque employ\u00e9 dispose d\u2019une tenue adapt\u00e9e \u00e0 toute situation (travail en hauteur et acc\u00e8s difficile).\n\t\t\t\t\t\t\t<\/div>\n\t\t\t\t\t\t\t\t\t\t\t<\/div>\n\t\t\t\t<\/div>\n\t\t\t<\/div>\n\t\t\t<div class=\"elementor-flip-box__layer elementor-flip-box__back\">\n\t\t\t<div class=\"elementor-flip-box__layer__overlay\">\n\t\t\t\t<div class=\"elementor-flip-box__layer__inner\">\n\t\t\t\t\t\n\t\t\t\t\t\n\t\t\t\t\t\t\t\t<\/div>\n\t\t<\/div>\n\t\t<\/div>\n\t\t<\/div>\n\t\t\t\t\t\t<\/div>\n\t\t\t\t<\/div>\n\t\t\t\t\t<\/div>\n\t\t<\/div>\n\t\t\t\t\t<\/div>\n\t\t<\/section>\n\t\t\t\t\t<\/div>\n\t\t<\/div>\n\t\t\t\t\t<\/div>\n\t\t<\/section>\n\t\t\t\t<section class=\"elementor-section elementor-top-section elementor-element elementor-element-cfc0cce elementor-section-boxed elementor-section-height-default elementor-section-height-default\" data-id=\"cfc0cce\" data-element_type=\"section\" data-e-type=\"section\">\n\t\t\t\t\t\t<div class=\"elementor-container elementor-column-gap-default\">\n\t\t\t\t\t<div class=\"elementor-column elementor-col-100 elementor-top-column elementor-element elementor-element-5d3a4d4\" data-id=\"5d3a4d4\" data-element_type=\"column\" data-e-type=\"column\">\n\t\t\t<div class=\"elementor-widget-wrap\">\n\t\t\t\t\t\t\t<\/div>\n\t\t<\/div>\n\t\t\t\t\t<\/div>\n\t\t<\/section>\n\t\t\t\t<section class=\"elementor-section elementor-top-section elementor-element elementor-element-491e9c7 elementor-section-boxed elementor-section-height-default elementor-section-height-default\" data-id=\"491e9c7\" data-element_type=\"section\" data-e-type=\"section\" data-settings=\"{&quot;background_background&quot;:&quot;classic&quot;}\">\n\t\t\t\t\t\t<div class=\"elementor-container elementor-column-gap-default\">\n\t\t\t\t\t<div class=\"elementor-column elementor-col-100 elementor-top-column elementor-element elementor-element-7199467\" data-id=\"7199467\" data-element_type=\"column\" data-e-type=\"column\">\n\t\t\t<div class=\"elementor-widget-wrap\">\n\t\t\t\t\t\t\t<\/div>\n\t\t<\/div>\n\t\t\t\t\t<\/div>\n\t\t<\/section>\n\t\t\t\t<\/div>\n\t\t","protected":false},"excerpt":{"rendered":"<p>Pr\u00e9sentation Notre entreprise a \u00e9t\u00e9 cr\u00e9\u00e9e le 28 f\u00e9vrier 2008, au c\u0153ur de la ville d\u2019Orbe. Son fondateur, Monsieur Loris Sovilla, a acquis une solide exp\u00e9rience professionnelle de plus de 20 ans au sein d\u2019une grande Soci\u00e9t\u00e9 Lausannoise. \u00c0 ce jour, c&rsquo;est son fils Monsieur Dario Sovilla qui a repris l&rsquo;entreprise d&rsquo;\u00e9lectricit\u00e9. Nous disposons d\u2019une [&hellip;]<\/p>\n","protected":false},"author":2,"featured_media":0,"parent":0,"menu_order":0,"comment_status":"closed","ping_status":"closed","template":"elementor_header_footer","meta":{"footnotes":""},"class_list":["post-573","page","type-page","status-publish","hentry"],"_links":{"self":[{"href":"https:\/\/www.sovitec.ch\/index.php\/wp-json\/wp\/v2\/pages\/573","targetHints":{"allow":["GET"]}}],"collection":[{"href":"https:\/\/www.sovitec.ch\/index.php\/wp-json\/wp\/v2\/pages"}],"about":[{"href":"https:\/\/www.sovitec.ch\/index.php\/wp-json\/wp\/v2\/types\/page"}],"author":[{"embeddable":true,"href":"https:\/\/www.sovitec.ch\/index.php\/wp-json\/wp\/v2\/users\/2"}],"replies":[{"embeddable":true,"href":"https:\/\/www.sovitec.ch\/index.php\/wp-json\/wp\/v2\/comments?post=573"}],"version-history":[{"count":175,"href":"https:\/\/www.sovitec.ch\/index.php\/wp-json\/wp\/v2\/pages\/573\/revisions"}],"predecessor-version":[{"id":2932,"href":"https:\/\/www.sovitec.ch\/index.php\/wp-json\/wp\/v2\/pages\/573\/revisions\/2932"}],"wp:attachment":[{"href":"https:\/\/www.sovitec.ch\/index.php\/wp-json\/wp\/v2\/media?parent=573"}],"curies":[{"name":"wp","href":"https:\/\/api.w.org\/{rel}","templated":true}]}}